{"id":547,"date":"2020-10-11T18:40:22","date_gmt":"2020-10-11T18:40:22","guid":{"rendered":"http:\/\/restauranteoasador.com\/wp\/?page_id=547"},"modified":"2020-12-05T18:48:57","modified_gmt":"2020-12-05T18:48:57","slug":"banquetes","status":"publish","type":"page","link":"http:\/\/restauranteoasador.com\/wp\/?page_id=547","title":{"rendered":"Banquetes"},"content":{"rendered":"<p>[vc_row][vc_column width=\u00bb1\/6&#8243;][\/vc_column][vc_column parallax=\u00bbcontent-moving\u00bb css_animation=\u00bbfadeIn\u00bb width=\u00bb2\/3&#8243;][vc_single_image image=\u00bb731&#8243; img_size=\u00bbfull\u00bb alignment=\u00bbcenter\u00bb style=\u00bbvc_box_shadow_3d\u00bb css_animation=\u00bbfadeIn\u00bb][vc_column_text]<\/p>\n<p style=\"text-align: center;\">Gastronom\u00eda de primera calidad e instalaciones acogedoras para disfrutar.<\/p>\n<p>[\/vc_column_text][vc_column_text]&nbsp;<br \/>\n&nbsp;<br \/>\n&nbsp;<\/p>\n<h3><strong>A la medida de tus necesidades<\/strong><\/h3>\n<p>&nbsp;<\/p>\n<h4>Disponemos de unas amplias instalaciones interiores y exteriores para hasta 500 comensales.<\/h4>\n<h4>Ponemos a tu disposici\u00f3n una gran variedad de men\u00fas de primera clase a precios asequibles.<\/h4>\n<h4>Dise\u00f1a tu men\u00fa seg\u00fan tus preferencias y presupuesto.<\/h4>\n<p>&nbsp;<br \/>\n&nbsp;[\/vc_column_text][vc_btn title=\u00bb\u2738\u2738\u2738\u2738\u2738 <b>PRESUPUESTO BANQUETES<\/b> \u2738\u2738\u2738\u2738\u2738\u00bb style=\u00bb3d\u00bb color=\u00bbsandy-brown\u00bb align=\u00bbcenter\u00bb link=\u00bburl:http%3A%2F%2Frestauranteoasador.com%2Fwp%2F%3Fpage_id%3D733|title:Presupuesto\u00bb][\/vc_column][vc_column width=\u00bb1\/6&#8243;][\/vc_column][\/vc_row][vc_row][vc_column][\/vc_column][\/vc_row]<\/p>\n","protected":false},"excerpt":{"rendered":"<p>[vc_row][vc_column width=\u00bb1\/6&#8243;][\/vc_column][vc_column parallax=\u00bbcontent-moving\u00bb css_animation=\u00bbfadeIn\u00bb width=\u00bb2\/3&#8243;][vc_single_image image=\u00bb731&#8243; img_size=\u00bbfull\u00bb alignment=\u00bbcenter\u00bb style=\u00bbvc_box_shadow_3d\u00bb css_animation=\u00bbfadeIn\u00bb][vc_column_text] Gastronom\u00eda de primera calidad e instalaciones acogedoras para disfrutar. [\/vc_column_text][vc_column_text]&nbsp; &nbsp; &nbsp; A la medida de tus necesidades &nbsp; Disponemos de unas amplias instalaciones interiores y exteriores para hasta 500 comensales. Ponemos a tu disposici\u00f3n una gran variedad de men\u00fas de primera clase a precios [&hellip;]<\/p>\n","protected":false},"author":1,"featured_media":0,"parent":0,"menu_order":4,"comment_status":"closed","ping_status":"closed","template":"page-builder.php","meta":[],"_links":{"self":[{"href":"http:\/\/restauranteoasador.com\/wp\/index.php?rest_route=\/wp\/v2\/pages\/547"}],"collection":[{"href":"http:\/\/restauranteoasador.com\/wp\/index.php?rest_route=\/wp\/v2\/pages"}],"about":[{"href":"http:\/\/restauranteoasador.com\/wp\/index.php?rest_route=\/wp\/v2\/types\/page"}],"author":[{"embeddable":true,"href":"http:\/\/restauranteoasador.com\/wp\/index.php?rest_route=\/wp\/v2\/users\/1"}],"replies":[{"embeddable":true,"href":"http:\/\/restauranteoasador.com\/wp\/index.php?rest_route=%2Fwp%2Fv2%2Fcomments&post=547"}],"version-history":[{"count":10,"href":"http:\/\/restauranteoasador.com\/wp\/index.php?rest_route=\/wp\/v2\/pages\/547\/revisions"}],"predecessor-version":[{"id":747,"href":"http:\/\/restauranteoasador.com\/wp\/index.php?rest_route=\/wp\/v2\/pages\/547\/revisions\/747"}],"wp:attachment":[{"href":"http:\/\/restauranteoasador.com\/wp\/index.php?rest_route=%2Fwp%2Fv2%2Fmedia&parent=547"}],"curies":[{"name":"wp","href":"https:\/\/api.w.org\/{rel}","templated":true}]}}