{"id":553,"date":"2020-10-11T18:43:10","date_gmt":"2020-10-11T18:43:10","guid":{"rendered":"http:\/\/restauranteoasador.com\/wp\/?page_id=553"},"modified":"2020-12-09T18:49:16","modified_gmt":"2020-12-09T18:49:16","slug":"bodas","status":"publish","type":"page","link":"http:\/\/restauranteoasador.com\/wp\/?page_id=553","title":{"rendered":"Bodas"},"content":{"rendered":"<p>[vc_row][vc_column width=\u00bb1\/6&#8243;][\/vc_column][vc_column parallax=\u00bbcontent-moving\u00bb css_animation=\u00bbfadeIn\u00bb width=\u00bb2\/3&#8243;][vc_single_image image=\u00bb703&#8243; img_size=\u00bbfull\u00bb alignment=\u00bbcenter\u00bb style=\u00bbvc_box_shadow_3d\u00bb css_animation=\u00bbfadeIn\u00bb][vc_column_text]<\/p>\n<p style=\"text-align: center;\">Gastronom\u00eda de primera calidad e instalaciones acogedoras para disfrutar.<\/p>\n<p>[\/vc_column_text][vc_column_text]&nbsp;<br \/>\n&nbsp;<br \/>\n&nbsp;<\/p>\n<h3><strong>A la medida de tus necesidades<\/strong><\/h3>\n<h4><\/h4>\n<p>&nbsp;<\/p>\n<h4>Disponemos de unas amplias instalaciones interiores y exteriores para hasta 500 comensales.<\/h4>\n<h4>Ponemos a tu disposici\u00f3n una gran variedad de men\u00fas de primera clase a precios asequibles.<\/h4>\n<h4>Dise\u00f1a tu men\u00fa seg\u00fan tus preferencias y presupuesto.<\/h4>\n<p>&nbsp;<br \/>\n&nbsp;[\/vc_column_text][vc_btn title=\u00bb\u2738\u2738\u2738\u2738\u2738 <b>PRESUPUESTO PARA BODAS<\/b> \u2738\u2738\u2738\u2738\u2738\u00bb style=\u00bb3d\u00bb color=\u00bbviolet\u00bb align=\u00bbcenter\u00bb link=\u00bburl:http%3A%2F%2Frestauranteoasador.com%2Fwp%2F%3Fpage_id%3D733|title:Presupuesto\u00bb][\/vc_column][vc_column width=\u00bb1\/6&#8243;][\/vc_column][\/vc_row][vc_row][vc_column][\/vc_column][\/vc_row]<\/p>\n","protected":false},"excerpt":{"rendered":"<p>[vc_row][vc_column width=\u00bb1\/6&#8243;][\/vc_column][vc_column parallax=\u00bbcontent-moving\u00bb css_animation=\u00bbfadeIn\u00bb width=\u00bb2\/3&#8243;][vc_single_image image=\u00bb703&#8243; img_size=\u00bbfull\u00bb alignment=\u00bbcenter\u00bb style=\u00bbvc_box_shadow_3d\u00bb css_animation=\u00bbfadeIn\u00bb][vc_column_text] Gastronom\u00eda de primera calidad e instalaciones acogedoras para disfrutar. [\/vc_column_text][vc_column_text]&nbsp; &nbsp; &nbsp; A la medida de tus necesidades &nbsp; Disponemos de unas amplias instalaciones interiores y exteriores para hasta 500 comensales. Ponemos a tu disposici\u00f3n una gran variedad de men\u00fas de primera clase a precios [&hellip;]<\/p>\n","protected":false},"author":1,"featured_media":0,"parent":0,"menu_order":8,"comment_status":"closed","ping_status":"closed","template":"page-builder.php","meta":[],"_links":{"self":[{"href":"http:\/\/restauranteoasador.com\/wp\/index.php?rest_route=\/wp\/v2\/pages\/553"}],"collection":[{"href":"http:\/\/restauranteoasador.com\/wp\/index.php?rest_route=\/wp\/v2\/pages"}],"about":[{"href":"http:\/\/restauranteoasador.com\/wp\/index.php?rest_route=\/wp\/v2\/types\/page"}],"author":[{"embeddable":true,"href":"http:\/\/restauranteoasador.com\/wp\/index.php?rest_route=\/wp\/v2\/users\/1"}],"replies":[{"embeddable":true,"href":"http:\/\/restauranteoasador.com\/wp\/index.php?rest_route=%2Fwp%2Fv2%2Fcomments&post=553"}],"version-history":[{"count":44,"href":"http:\/\/restauranteoasador.com\/wp\/index.php?rest_route=\/wp\/v2\/pages\/553\/revisions"}],"predecessor-version":[{"id":749,"href":"http:\/\/restauranteoasador.com\/wp\/index.php?rest_route=\/wp\/v2\/pages\/553\/revisions\/749"}],"wp:attachment":[{"href":"http:\/\/restauranteoasador.com\/wp\/index.php?rest_route=%2Fwp%2Fv2%2Fmedia&parent=553"}],"curies":[{"name":"wp","href":"https:\/\/api.w.org\/{rel}","templated":true}]}}