{"id":217,"date":"2020-07-05T09:32:47","date_gmt":"2020-07-05T09:32:47","guid":{"rendered":"http:\/\/steaque.themezinho.net\/?page_id=217"},"modified":"2020-10-14T11:28:15","modified_gmt":"2020-10-14T11:28:15","slug":"about-us","status":"publish","type":"page","link":"https:\/\/restauranteoasador.com\/wp\/?page_id=217","title":{"rendered":"Nosotros"},"content":{"rendered":"<p>[vc_row use_container=\u00bbyes\u00bb][vc_column][vc_row_inner][vc_column_inner][ts_section_title tagline=\u00bbNOSOTROS Y EQUIPO\u00bb title=\u00bbEquipo humano e instalaciones\u00bb][\/vc_column_inner][\/vc_row_inner][vc_row_inner][vc_column_inner offset=\u00bbvc_col-md-offset-2 vc_col-md-8&#8243;][ts_text_box]<strong>Despu\u00e9s de un largo recorrido en el mundo de la hosteler\u00eda, primero como empleados y luego como gerentes nace en el a\u00f1o 1993 de la mano de Digna y Pepe el restaurante O\u00b4Asador.<\/strong><\/p>\n<p><strong>Desde aquel momento hasta hoy nuestro mayor af\u00e1n ha sido y ser\u00e1 ir mejorando d\u00eda a d\u00eda tanto nuestras instalaciones como nuestro servicio para mayor comodidad y atenci\u00f3n de nuestra clientela.<\/strong><\/p>\n<p><strong>De este modo en abril de 2010 inauguramos dos nuevos salones modernos y funcionales aumentando nuestra capacidad hasta 500 personas, ideales para la celebraci\u00f3n de cualquier evento, boda, comuni\u00f3n, bautizo, reuniones de empresa, ect.<\/strong><\/p>\n<p><strong>Adem\u00e1s disponemos de amplio aparcamiento, zona de jard\u00edn, parque infantil, acceso a minusv\u00e1lidos, ect. Y seguiremos mejorando\u2026<\/strong>[\/ts_text_box][\/vc_column_inner][\/vc_row_inner][vc_row_inner css=\u00bb.vc_custom_1593941965352{margin-top: 30px !important;margin-bottom: 30px !important;}\u00bb][vc_column_inner][ts_image_box image=\u00bb499&#8243;][\/vc_column_inner][\/vc_row_inner][vc_row_inner][vc_column_inner offset=\u00bbvc_col-md-offset-2 vc_col-md-8&#8243;][ts_text_box]<strong>Contamos con cuatro salones, cafeter\u00eda y terraza acogedores y totalmente climatizados adem\u00e1s de otros m\u00faltiples servicios que incluye un parking con 6000 m2 a disposici\u00f3n de nuestros clientes.<\/strong><br \/>\n<strong>Adem\u00e1s de Platos del d\u00eda y una amplia carta para banquetes de boda, comuniones, bautizos, reuniones de empresa, comida familiar o simplemente una comida de amigos, ofrecemos unas esquisitas especialidades gastron\u00f3micas entre las que cabe destacar:<\/strong><\/p>\n<ul>\n<li><strong>Parrilladas de pescados y mariscos.<\/strong><\/li>\n<li><strong>Arroz con bogavante.<\/strong><\/li>\n<li><strong>Cazuela de pescados Paellas.<\/strong><\/li>\n<li><strong>Todo tipo de carnes a la brasa.<\/strong><\/li>\n<li><strong>Churrasco.<\/strong><\/li>\n<\/ul>\n<p><strong>Ya sea para una comida de trabajo, una celebraci\u00f3n familiar, en Restaurante O&#8217; ASADOR dispondr\u00e1 de un espacio para el disfrute y el buen comer.<\/strong><\/p>\n<p><strong>No dude en contactar para solicitar presupuesto o informaci\u00f3n. Recuerde que le atenderemos con toda confianza y sin compromiso alguno.<\/strong><\/p>\n<p><strong>\u00a1Le esperamos!<\/strong>[\/ts_text_box][\/vc_column_inner][\/vc_row_inner][\/vc_column][\/vc_row]<\/p>\n","protected":false},"excerpt":{"rendered":"<p>[vc_row use_container=\u00bbyes\u00bb][vc_column][vc_row_inner][vc_column_inner][ts_section_title tagline=\u00bbNOSOTROS Y EQUIPO\u00bb title=\u00bbEquipo humano e instalaciones\u00bb][\/vc_column_inner][\/vc_row_inner][vc_row_inner][vc_column_inner offset=\u00bbvc_col-md-offset-2 vc_col-md-8&#8243;][ts_text_box]Despu\u00e9s de un largo recorrido en el mundo de la hosteler\u00eda, primero como empleados y luego como gerentes nace en el a\u00f1o 1993 de la mano de Digna y Pepe el restaurante O\u00b4Asador. Desde aquel momento hasta hoy nuestro mayor af\u00e1n ha sido y ser\u00e1 [&hellip;]<\/p>\n","protected":false},"author":1,"featured_media":0,"parent":0,"menu_order":2,"comment_status":"closed","ping_status":"closed","template":"page-builder.php","meta":[],"_links":{"self":[{"href":"https:\/\/restauranteoasador.com\/wp\/index.php?rest_route=\/wp\/v2\/pages\/217"}],"collection":[{"href":"https:\/\/restauranteoasador.com\/wp\/index.php?rest_route=\/wp\/v2\/pages"}],"about":[{"href":"https:\/\/restauranteoasador.com\/wp\/index.php?rest_route=\/wp\/v2\/types\/page"}],"author":[{"embeddable":true,"href":"https:\/\/restauranteoasador.com\/wp\/index.php?rest_route=\/wp\/v2\/users\/1"}],"replies":[{"embeddable":true,"href":"https:\/\/restauranteoasador.com\/wp\/index.php?rest_route=%2Fwp%2Fv2%2Fcomments&post=217"}],"version-history":[{"count":15,"href":"https:\/\/restauranteoasador.com\/wp\/index.php?rest_route=\/wp\/v2\/pages\/217\/revisions"}],"predecessor-version":[{"id":647,"href":"https:\/\/restauranteoasador.com\/wp\/index.php?rest_route=\/wp\/v2\/pages\/217\/revisions\/647"}],"wp:attachment":[{"href":"https:\/\/restauranteoasador.com\/wp\/index.php?rest_route=%2Fwp%2Fv2%2Fmedia&parent=217"}],"curies":[{"name":"wp","href":"https:\/\/api.w.org\/{rel}","templated":true}]}}